{"id":109,"date":"2025-08-07T11:21:15","date_gmt":"2025-08-07T16:21:15","guid":{"rendered":"https:\/\/integracion.cordemo.org\/baloncestof\/?page_id=109"},"modified":"2025-08-07T11:21:46","modified_gmt":"2025-08-07T16:21:46","slug":"reglamento-2023","status":"publish","type":"page","link":"https:\/\/integracion.cordemo.org\/baloncestof\/reglamento-2023\/","title":{"rendered":"Reglamento-2023"},"content":{"rendered":"<h2 style=\"text-align: center;\"><strong>V INTEGRACION CORDEMO<br \/>\nARMENIA &#8211; QUINDIO AGOSTO 3 AL 7 DEL 2023<br \/>\nREGLAMENTACI\u00d3N POR DEPORTE <\/strong><\/h2>\n<h3><strong>Baloncesto<\/strong><\/h3>\n<ol>\n<li>El torneo se realizar\u00e1 en categor\u00eda abierta en ramas masculina y femenina.<\/li>\n<li>Cada delegaci\u00f3n podr\u00e1 inscribir hasta doce (12) jugadores por rama.<\/li>\n<li>La inscripci\u00f3n se tramitar\u00e1 en acuerdo con lo dispuesto en el art\u00edculo 9, del cap\u00edtulo VI de las Normas Generales de Participaci\u00f3n de la V Integraci\u00f3n CORDEMO.<\/li>\n<li>El sistema de juego y clasificaci\u00f3n ser\u00e1 definido por el Comit\u00e9 Ejecutivo de acuerdo al n\u00famero de equipos inscritos<\/li>\n<li>Ning\u00fan equipo podr\u00e1 iniciar un partido con menos de cuatro (4) jugadores.<\/li>\n<li>Duraci\u00f3n del partido: Se jugar\u00e1n 4 periodos de 12 minutos, 3 corridos (excepto cuando se pidan times) cada uno y el \u00faltimo periodo cronometrado.<\/li>\n<li>Con descansos de 2 minutos entre el primer y segundo per\u00edodo (primera parte), entre el tercer y cuarto per\u00edodo (segunda parte) y antes de cada per\u00edodo extra.<\/li>\n<li>Con descanso en la mitad del partido de 10 minutos.<\/li>\n<li>Si al final del tiempo de juego del cuarto per\u00edodo el marcador est\u00e1 empatado, el partido continuar\u00e1 con tantos periodos extra de 5 minutos como sean necesarios para deshacer el empate, estos periodos ser\u00e1n cronometrados.<\/li>\n<li>Cada equipo y jugador debe tener el equipamiento adecuado para poder iniciar o participar en el partido. El \u00e1rbitro tiene la potestad de exigir la indumentaria adecuada seg\u00fan el reglamento.<\/li>\n<li>La numeraci\u00f3n de los deportistas ser\u00e1 libre.<\/li>\n<li>Para determinar la clasificaci\u00f3n en la fase eliminatoria se sumar\u00e1n los puntos obtenidos por cada equipo de la siguiente forma.<br \/>\na. Dos (2) puntos por partido ganado.<br \/>\nb. Un (1) punto por partido perdido.<br \/>\nc. Cero (0) punto por falta de presentaci\u00f3n o abandono.<\/li>\n<li>Si se presenta empate en la fase eliminatoria se proceder\u00e1 de la siguiente manera:<\/li>\n<li>Entre dos (2) equipos:<\/li>\n<li>Quien haya ganado el partido jugado entre ellos.<br \/>\nii. Cociente. (Cestas convertidas\/Cestas recibidas).<br \/>\nPor ninguna circunstancia habr\u00e1 partidos de desempate.<\/li>\n<li>Entre m\u00e1s de dos (2) equipos, se aplicar\u00e1 el siguiente sistema:<\/li>\n<li>Mayor n\u00famero de partidos ganados.<br \/>\nii. Cociente. (Cestas convertidas\/Cestas recibidas)<br \/>\nPor ninguna circunstancia habr\u00e1 partidos de desempate.<\/li>\n<li>Cuando se presenta un W.O. en un partido se asignar\u00e1 un marcador 30&#215;0, al ganador 30 puntos y al perdedor 0 puntos.<\/li>\n<li>El tiempo de espera, para declarar un W.O. ser\u00e1 de quince (15) minutos despu\u00e9s de la hora de inicio oficial, fijada en la programaci\u00f3n.<\/li>\n<li>Cuando un partido sea suspendido por causa de fuerza mayor no relacionadas con aspectos disciplinarios se esperar\u00e1n treinta (30) minutos, despu\u00e9s de los cuales, si no se contin\u00faa el partido, podr\u00e1 aplicarse una de las siguientes opciones:<\/li>\n<li>Se dar\u00e1 finalizado el partido con el marcador del momento de la suspensi\u00f3n si ha transcurrido las 2\/3 partes de su tiempo.<\/li>\n<li>Se continuar\u00e1 con reprogramaci\u00f3n si ha transcurrido menos de sus 2\/3 partes, se conservar\u00e1 el marcador y el tiempo jugado.<\/li>\n<li>Para la premiaci\u00f3n se dar\u00e1 trofeo por rama al campe\u00f3n y medallas al primero, al segundo y tercero.<\/li>\n<li>La direcci\u00f3n del torneo aplicar\u00e1 para los casos no contemplados en este reglamento los indicados por la Federaci\u00f3n Colombiana de Baloncesto FIBA y la Federaci\u00f3n Internacional de Baloncesto Asociado FIBA y la Federaci\u00f3n Internacional de Baloncesto Asociado FIBA.<\/li>\n<li>A los jugadores, delegados y entrenadores se les proh\u00edbe el consumo de bebidas alcoh\u00f3licas y sustancias alucin\u00f3genas durante la jornada de juego (obligatorio). En caso de presentarse, el juez debe oficiar a la Comisi\u00f3n Disciplinaria, la cual deber\u00e1 iniciar el proceso respectivo conforme al procedimiento reglado en el c\u00f3digo de penas y sanciones. Si el fallo es sancionatorio ser\u00e1 informado al ente territorial que representa.<\/li>\n<li>Los aspectos no contemplados en el presente reglamento ser\u00e1n resueltos en primera instancia por el juez del encuentro, y en segunda instancia y definitiva, por la Comit\u00e9 ejecutivo de CORDEMO.<\/li>\n<\/ol>\n","protected":false},"excerpt":{"rendered":"<p>V INTEGRACION CORDEMO ARMENIA &#8211; QUINDIO AGOSTO 3 AL 7 DEL 2023 REGLAMENTACI\u00d3N POR DEPORTE Baloncesto El torneo se realizar\u00e1 en categor\u00eda abierta en ramas masculina y femenina. Cada delegaci\u00f3n podr\u00e1 inscribir hasta doce (12) jugadores por rama. La inscripci\u00f3n se tramitar\u00e1 en acuerdo con lo dispuesto en el art\u00edculo 9, del cap\u00edtulo VI de [&hellip;]<\/p>\n","protected":false},"author":1,"featured_media":0,"parent":0,"menu_order":0,"comment_status":"closed","ping_status":"closed","template":"template-fullwidth.php","meta":{"footnotes":""},"class_list":["post-109","page","type-page","status-publish","hentry"],"_links":{"self":[{"href":"https:\/\/integracion.cordemo.org\/baloncestof\/wp-json\/wp\/v2\/pages\/109","targetHints":{"allow":["GET"]}}],"collection":[{"href":"https:\/\/integracion.cordemo.org\/baloncestof\/wp-json\/wp\/v2\/pages"}],"about":[{"href":"https:\/\/integracion.cordemo.org\/baloncestof\/wp-json\/wp\/v2\/types\/page"}],"author":[{"embeddable":true,"href":"https:\/\/integracion.cordemo.org\/baloncestof\/wp-json\/wp\/v2\/users\/1"}],"replies":[{"embeddable":true,"href":"https:\/\/integracion.cordemo.org\/baloncestof\/wp-json\/wp\/v2\/comments?post=109"}],"version-history":[{"count":3,"href":"https:\/\/integracion.cordemo.org\/baloncestof\/wp-json\/wp\/v2\/pages\/109\/revisions"}],"predecessor-version":[{"id":202,"href":"https:\/\/integracion.cordemo.org\/baloncestof\/wp-json\/wp\/v2\/pages\/109\/revisions\/202"}],"wp:attachment":[{"href":"https:\/\/integracion.cordemo.org\/baloncestof\/wp-json\/wp\/v2\/media?parent=109"}],"curies":[{"name":"wp","href":"https:\/\/api.w.org\/{rel}","templated":true}]}}