{"id":144,"date":"2025-08-08T16:20:48","date_gmt":"2025-08-08T21:20:48","guid":{"rendered":"https:\/\/integracion.cordemo.org\/baloncestof\/?page_id=144"},"modified":"2025-08-13T21:16:36","modified_gmt":"2025-08-14T02:16:36","slug":"reglamento-2025","status":"publish","type":"page","link":"https:\/\/integracion.cordemo.org\/baloncestof\/reglamento-2025\/","title":{"rendered":"Reglamento-2025"},"content":{"rendered":"<h2 style=\"text-align: center;\">VI INTEGRACION CORDEMO<\/h2>\n<h2 style=\"text-align: center;\">SAN ANDRES ISLAS AGOSTO 13 AL 18 DEL 2025<\/h2>\n<h2 style=\"text-align: center;\">REGLAMENTACI\u00d3N POR DEPORTE<\/h2>\n<h2 style=\"text-align: center;\"><\/h2>\n<div><\/div>\n<p>&nbsp;<\/p>\n<h2><span style=\"color: #993300;\">Baloncesto.<\/span><\/h2>\n<div><\/div>\n<div>1.El torneo se realizar\u00e1 en categor\u00eda abierta en ramas masculina y femenina.<\/div>\n<div>2.El sistema de juego y clasificaci\u00f3n ser\u00e1 definido por el Comit\u00e9 Ejecutivo de acuerdo al n\u00famero de equipos inscritos<\/div>\n<div>3.Ning\u00fan equipo podr\u00e1 iniciar un partido con menos de cuatro (4) jugadores.<\/div>\n<div>4.Duraci\u00f3n del partido:<\/div>\n<div style=\"padding-left: 40px;\">a.Se jugar\u00e1n 4 periodos de 12 minutos, 3 corridos (excepto cuando se pidan times) cada uno y el \u00faltimo periodo cronometrado.<\/div>\n<div style=\"padding-left: 40px;\">b.Con descansos de 2 minutos entre el primer y segundo per\u00edodo (primera parte), entre el tercer y cuarto per\u00edodo (segunda parte) y antes de cada per\u00edodo extra.<\/div>\n<div style=\"padding-left: 40px;\">c.Con descanso en la mitad del partido de 10 minutos.<\/div>\n<div>5.Si al final del tiempo de juego del cuarto per\u00edodo el marcador est\u00e1 empatado, el partido continuar\u00e1 con tantos periodos extra de 5 minutos como sean necesarios para deshacer el empate, estos periodos ser\u00e1n cronometrados.<\/div>\n<div>6.Cada equipo y jugador debe tener el equipamiento adecuado para poder iniciar o participar en el partido. El \u00e1rbitro tiene la potestad de exigir la indumentaria adecuada seg\u00fan el reglamento.<\/div>\n<div>7.La numeraci\u00f3n de los deportistas ser\u00e1 libre<\/div>\n<div>8.Para determinar la clasificaci\u00f3n en la fase eliminatoria se sumar\u00e1n los puntos obtenidos por cada equipo de la siguiente forma.<\/div>\n<div style=\"padding-left: 40px;\">a.Dos (2) puntos por partido ganado.<\/div>\n<div style=\"padding-left: 40px;\">b.Un (1) punto por partido perdido.<\/div>\n<div style=\"padding-left: 40px;\">c.Cero (0) punto por falta de presentaci\u00f3n o abandono.<\/div>\n<div>9.Si se presenta empate en la fase eliminatoria se proceder\u00e1 de la siguiente manera:<\/div>\n<div style=\"padding-left: 40px;\">a.Entre dos (2) equipos:<\/div>\n<div style=\"padding-left: 80px;\">i.Quien haya ganado el partido jugado entre ellos.<\/div>\n<div style=\"padding-left: 80px;\">ii.Cociente. (Cestas convertidas\/Cestas recibidas).<\/div>\n<div style=\"padding-left: 80px;\">Por ninguna circunstancia habr\u00e1 partidos de desempate.<\/div>\n<div style=\"padding-left: 40px;\">b.Entre m\u00e1s de dos (2) equipos, se aplicar\u00e1 el siguiente sistema:<\/div>\n<div style=\"padding-left: 80px;\">i. Mayor n\u00famero de partidos ganados.<\/div>\n<div style=\"padding-left: 80px;\">ii.Cociente. (Cestas convertidas\/Cestas recibidas)<\/div>\n<div style=\"padding-left: 80px;\">Por ninguna circunstancia habr\u00e1 partidos de desempate.<\/div>\n<div>10.Cuando se presenta un W.O. en un partido se asignar\u00e1 un marcador 30&#215;0, al ganador 30 puntos y al perdedor 0 puntos.<\/div>\n<div>11.El tiempo de espera, para declarar un W.O. ser\u00e1 de quince (15) minutos despu\u00e9s de la hora de inicio oficial, fijada en la programaci\u00f3n.<\/div>\n<div>12.Cuando un partido sea suspendido por causa de fuerza mayor no relacionadas con aspectos disciplinarios se esperar\u00e1n treinta (30) minutos, despu\u00e9s de los cuales, si no se contin\u00faa el partido, podr\u00e1 aplicarse una de las siguientes opciones:<\/div>\n<div style=\"padding-left: 40px;\">a. Se dar\u00e1 finalizado el partido con el marcador del momento de la suspensi\u00f3n si ha transcurrido las 2\/3 partes de su tiempo.<\/div>\n<div style=\"padding-left: 40px;\">b.Se continuar\u00e1 con reprogramaci\u00f3n si ha transcurrido menos de sus 2\/3 partes, se conservar\u00e1 el marcador y el tiempo jugado.<\/div>\n<div>13.Para la premiaci\u00f3n se dar\u00e1 trofeo por rama al campe\u00f3n y medallas al primero, al segundo y tercero.<\/div>\n<div>14.El juez del torneo aplicar\u00e1 para los casos no contemplados en este reglamento los indicados por la Federaci\u00f3n Colombiana de Baloncesto FCB y la Federaci\u00f3n Internacional de Baloncesto Asociado FIBA.<\/div>\n<div>15.Cualquier reclamo de tipo t\u00e9cnico deber\u00e1 ser presentado por escrito, por el delegado de la disciplina o de la entidad, al juez del torneo dentro de los treinta (30) minutos siguientes a la prueba que origin\u00f3 la reclamaci\u00f3n.<\/div>\n<div>16.A los jugadores, delegados y entrenadores se les proh\u00edbe el consumo de bebidas alcoh\u00f3licas y sustancias alucin\u00f3genas durante la jornada de juego (obligatorio). En caso de presentarse, el juez debe oficiar a la Comisi\u00f3n Disciplinaria, la cual deber\u00e1 iniciar el proceso respectivo conforme al procedimiento reglado en el c\u00f3digo de penas y sanciones. Si el fallo es sancionatorio ser\u00e1 informado al ente territorial que representa.<\/div>\n<div>17.Los aspectos no contemplados en el presente reglamento ser\u00e1n resueltos en primera instancia por el juez del encuentro, y en segunda instancia y definitiva, por la Comit\u00e9 ejecutivo de CORDEMO.<\/div>\n<div><\/div>\n","protected":false},"excerpt":{"rendered":"<p>VI INTEGRACION CORDEMO SAN ANDRES ISLAS AGOSTO 13 AL 18 DEL 2025 REGLAMENTACI\u00d3N POR DEPORTE &nbsp; Baloncesto. 1.El torneo se realizar\u00e1 en categor\u00eda abierta en ramas masculina y femenina. 2.El sistema de juego y clasificaci\u00f3n ser\u00e1 definido por el Comit\u00e9 Ejecutivo de acuerdo al n\u00famero de equipos inscritos 3.Ning\u00fan equipo podr\u00e1 iniciar un partido con [&hellip;]<\/p>\n","protected":false},"author":1,"featured_media":0,"parent":0,"menu_order":0,"comment_status":"closed","ping_status":"closed","template":"template-fullwidth.php","meta":{"footnotes":""},"class_list":["post-144","page","type-page","status-publish","hentry"],"_links":{"self":[{"href":"https:\/\/integracion.cordemo.org\/baloncestof\/wp-json\/wp\/v2\/pages\/144","targetHints":{"allow":["GET"]}}],"collection":[{"href":"https:\/\/integracion.cordemo.org\/baloncestof\/wp-json\/wp\/v2\/pages"}],"about":[{"href":"https:\/\/integracion.cordemo.org\/baloncestof\/wp-json\/wp\/v2\/types\/page"}],"author":[{"embeddable":true,"href":"https:\/\/integracion.cordemo.org\/baloncestof\/wp-json\/wp\/v2\/users\/1"}],"replies":[{"embeddable":true,"href":"https:\/\/integracion.cordemo.org\/baloncestof\/wp-json\/wp\/v2\/comments?post=144"}],"version-history":[{"count":4,"href":"https:\/\/integracion.cordemo.org\/baloncestof\/wp-json\/wp\/v2\/pages\/144\/revisions"}],"predecessor-version":[{"id":307,"href":"https:\/\/integracion.cordemo.org\/baloncestof\/wp-json\/wp\/v2\/pages\/144\/revisions\/307"}],"wp:attachment":[{"href":"https:\/\/integracion.cordemo.org\/baloncestof\/wp-json\/wp\/v2\/media?parent=144"}],"curies":[{"name":"wp","href":"https:\/\/api.w.org\/{rel}","templated":true}]}}