{"id":94,"date":"2025-08-08T17:46:24","date_gmt":"2025-08-08T22:46:24","guid":{"rendered":"https:\/\/integracion.cordemo.org\/fsm\/?page_id=94"},"modified":"2025-08-13T21:20:31","modified_gmt":"2025-08-14T02:20:31","slug":"reglamento-2025","status":"publish","type":"page","link":"https:\/\/integracion.cordemo.org\/fsm\/reglamento-2025\/","title":{"rendered":"Reglamento-2025"},"content":{"rendered":"<h2 style=\"text-align: center;\">VI INTEGRACION CORDEMO<br \/>\nSAN ANDRES ISLAS AGOSTO 13 AL 18 DEL 2025<br \/>\nREGLAMENTACI\u00d3N POR DEPORTE<\/h2>\n<h2><span style=\"color: #993300;\">F\u00fatbol de Sal\u00f3n.<\/span><\/h2>\n<div><\/div>\n<div>1.El torneo se realizar\u00e1 en ambas ramas.<\/div>\n<div>2.El sistema de juego y clasificaci\u00f3n ser\u00e1 definido por el Comit\u00e9 Ejecutivo de acuerdo con el n\u00famero de equipos inscritos<\/div>\n<div>3.Se podr\u00e1n hacer cambios libres con reingreso.<\/div>\n<div>4.Ning\u00fan equipo podr\u00e1 iniciar un partido con menos de cuatro (4) jugadores, si en el transcurso del partido este n\u00famero se reduce por cualquier causa, el \u00e1rbitro dar\u00e1 por terminado el encuentro y el equipo reducido perder\u00e1 los puntos con resultado de 2&#215;0, sin importar el marcador en este momento, a menos que el marcador fuera mayor a favor del equipo que quede en la cancha.<\/div>\n<div>5.Duraci\u00f3n del partido: Se jugar\u00e1n dos (2) tiempos de veinte (20) minutos y descanso de diez (10) minutos.<\/div>\n<div>6.Cada equipo tendr\u00e1 derecho a solicitar tiempo muerto de un (1) minuto de duraci\u00f3n por periodo de juego. Los pedidos de tiempo ser\u00e1n comunicados por el cronometrista cuando el bal\u00f3n est\u00e9 fuera de juego. La solicitud se realizar\u00e1 en este orden: Director T\u00e9cnico pedir\u00e1 al cronometrista y el capit\u00e1n al \u00e1rbitro<\/div>\n<div>7.Cada equipo y jugador debe tener el equipamiento adecuado para poder iniciar o participar en el partido. El \u00e1rbitro tiene la potestad de exigir la indumentaria adecuada seg\u00fan el reglamento.<\/div>\n<div>8.La licra debe ser del mismo color de la pantaloneta.<\/div>\n<div>9.La numeraci\u00f3n de los deportistas ser\u00e1 comprendida entre el n\u00famero uno (1) al veinte (20).<\/div>\n<div>10.No habr\u00e1 goleada t\u00e9cnica. El partido se debe jugar en su totalidad.<\/div>\n<div>11.Los equipos y\/o el \u00e1rbitro no pueden ponerse de acuerdo para dar por terminado un partido antes del tiempo establecido, de lo contrario el o los equipos perder\u00e1n el partido por W.O.<\/div>\n<div>12.En las fases semifinal y final si un partido queda empatado al cabo de los 40 minutos, se cobrar\u00e1n 3 tiros libres desde el punto penal en forma alterna, si se conserva el empate, los tiros ser\u00e1n de uno por equipo hasta que se rompa el equilibrio.<\/div>\n<div>13.Para determinar la clasificaci\u00f3n en cada fase se sumar\u00e1n los puntos obtenidos por cada equipo participante de la siguiente forma:<\/div>\n<div style=\"padding-left: 40px;\">a.Dos (2) puntos por partido ganado.<\/div>\n<div style=\"padding-left: 40px;\">b.Un (1) punto por partido empatado.<\/div>\n<div style=\"padding-left: 40px;\">c.Cero (0) punto por partido perdido.<\/div>\n<div>14.Si se presenta empate en la fase eliminatoria se proceder\u00e1 de la siguiente manera:<\/div>\n<div style=\"padding-left: 40px;\">a.Entre dos (2) equipos:<\/div>\n<div style=\"padding-left: 80px;\">i.Quien haya ganado el partido jugado entre ellos.<\/div>\n<div style=\"padding-left: 80px;\">ii.Mayor n\u00famero de partidos ganados.<\/div>\n<div style=\"padding-left: 80px;\">iii.Mayor gol diferencia, es decir, goles a favor menos goles en contra.<\/div>\n<div style=\"padding-left: 80px;\">iv.Mayor n\u00famero de goles a favor.<\/div>\n<div style=\"padding-left: 80px;\">v.Menos n\u00famero de goles en contra.<\/div>\n<div style=\"padding-left: 80px;\">vi.Sorteo (moneda).<\/div>\n<div style=\"padding-left: 40px;\">b.Entre m\u00e1s de dos (2) equipos, se aplicar\u00e1 el siguiente sistema:<\/div>\n<div style=\"padding-left: 80px;\">i.Mayor n\u00famero de partidos ganados.<\/div>\n<div style=\"padding-left: 80px;\">ii.Mayor gol diferencia, es decir, goles a favor menos goles en contra.<\/div>\n<div style=\"padding-left: 80px;\">iii.Mayor n\u00famero de goles a favor.<\/div>\n<div style=\"padding-left: 80px;\">iv.Menos n\u00famero de goles en contra.<\/div>\n<div style=\"padding-left: 80px;\">v.Sorteo (moneda).<\/div>\n<div>15.Si un jugador es amonestado y posteriormente expulsado, la tarjeta amarilla no tendr\u00e1 en cuenta para efectos de acumulaci\u00f3n.<\/div>\n<div>16.El \u00e1rbitro dar\u00e1 una espera de m\u00e1ximo 10 minutos despu\u00e9s de la hora programada para el partido, el o los equipos que no se presenten en este periodo de tiempo perder\u00e1(n) por W.O. y al equipo ganador se asignar\u00e1 un marcador 2&#215;0 Los goles se suman al equipo pero no a alg\u00fan jugador en espec\u00edfico.<\/div>\n<div>17.Los equipos deben estar ubicados en el campo de juego en condiciones reglamentarias para iniciar el partido como m\u00ednimo veinte (20) minutos antes de la hora y lugar programada.<\/div>\n<div>18.Cuando un partido sea suspendido por causas de fuerza mayor no relacionadas con aspectos disciplinarios, Se esperar\u00e1n treinta (30) minutos, despu\u00e9s de los cuales sin no se contin\u00faan el partido, podr\u00e1 aplicarse una de las siguientes opciones:<\/div>\n<div style=\"padding-left: 40px;\">a.Se dar\u00e1 por finalizado el partido con el marcador del momento de la suspensi\u00f3n, si ha transcurrido las 2\/3 partes de su tiempo.<\/div>\n<div style=\"padding-left: 40px;\">b.Se continuar\u00e1 con reprogramaci\u00f3n si han transcurrido menos de sus 2\/3 partes.<\/div>\n<div>19.Cada delegaci\u00f3n es responsable de llevar el record de tarjetas sacadas a los jugadores en los diferentes partidos. Con el fin de dar cumplimiento a las normas<\/div>\n<div>20.Todo integrante del equipo (deportistas, Cuerpo T\u00e9cnico o Directivos) que reciba dos tarjetas azules acumulativas recibir\u00e1 una fecha de suspensi\u00f3n autom\u00e1tica, as\u00ed sea para la fase siguiente, Sin ocasi\u00f3n de informe ni notificaci\u00f3n. Esta suspensi\u00f3n no se cumplir\u00e1 cuando se trate de partidos aplazados.<\/div>\n<div>21.El deportista, Cuerpo T\u00e9cnico o Directivo que actu\u00e9 en un partido estando suspendido, se le castigar\u00e1 con el doble de la suspensi\u00f3n impuesta inicialmente y el equipo pierde por W.O.<\/div>\n<div>22.Si la conducta o comportamiento desplegado que origin\u00f3 la expulsi\u00f3n es grave se sanciona la fecha autom\u00e1tica m\u00e1s las que sean consideradas por la comisi\u00f3n disciplinaria, agotado el debido proceso.<\/div>\n<div>23.Para la premiaci\u00f3n se dar\u00e1 trofeo por rama al campe\u00f3n y por modalidad medallas al primero, al segundo y tercero.<\/div>\n<div>24.El Juez del torneo aplicar\u00e1 para los casos no contemplados en este reglamento los indicados en el Reglamento de la Federaci\u00f3n Colombiana de Futbol de Sal\u00f3n y por la A M F S.<\/div>\n<div>25.A los jugadores, delegados y entrenadores se les proh\u00edbe el consumo de bebidas alcoh\u00f3licas y sustancias alucin\u00f3genas durante la jornada de juego (obligatorio). En caso de presentarse, el juez debe oficiar a la Comisi\u00f3n Disciplinaria, la cual deber\u00e1 iniciar el proceso respectivo conforme al procedimiento reglado en el c\u00f3digo de penas y sanciones. Si el fallo es sancionatorio ser\u00e1 informado al ente territorial que representa.<\/div>\n<div>26.Los aspectos no contemplados en el presente reglamento ser\u00e1n resueltos en primera instancia por el juez del encuentro, y en segunda instancia y definitiva, por la Comit\u00e9 ejecutivo de CORDEMO.<\/div>\n<div><\/div>\n","protected":false},"excerpt":{"rendered":"<p>VI INTEGRACION CORDEMO SAN ANDRES ISLAS AGOSTO 13 AL 18 DEL 2025 REGLAMENTACI\u00d3N POR DEPORTE F\u00fatbol de Sal\u00f3n. 1.El torneo se realizar\u00e1 en ambas ramas. 2.El sistema de juego y clasificaci\u00f3n ser\u00e1 definido por el Comit\u00e9 Ejecutivo de acuerdo con el n\u00famero de equipos inscritos 3.Se podr\u00e1n hacer cambios libres con reingreso. 4.Ning\u00fan equipo podr\u00e1 [&hellip;]<\/p>\n","protected":false},"author":1,"featured_media":0,"parent":0,"menu_order":0,"comment_status":"closed","ping_status":"closed","template":"template-fullwidth.php","meta":{"footnotes":""},"class_list":["post-94","page","type-page","status-publish","hentry"],"_links":{"self":[{"href":"https:\/\/integracion.cordemo.org\/fsm\/wp-json\/wp\/v2\/pages\/94","targetHints":{"allow":["GET"]}}],"collection":[{"href":"https:\/\/integracion.cordemo.org\/fsm\/wp-json\/wp\/v2\/pages"}],"about":[{"href":"https:\/\/integracion.cordemo.org\/fsm\/wp-json\/wp\/v2\/types\/page"}],"author":[{"embeddable":true,"href":"https:\/\/integracion.cordemo.org\/fsm\/wp-json\/wp\/v2\/users\/1"}],"replies":[{"embeddable":true,"href":"https:\/\/integracion.cordemo.org\/fsm\/wp-json\/wp\/v2\/comments?post=94"}],"version-history":[{"count":3,"href":"https:\/\/integracion.cordemo.org\/fsm\/wp-json\/wp\/v2\/pages\/94\/revisions"}],"predecessor-version":[{"id":389,"href":"https:\/\/integracion.cordemo.org\/fsm\/wp-json\/wp\/v2\/pages\/94\/revisions\/389"}],"wp:attachment":[{"href":"https:\/\/integracion.cordemo.org\/fsm\/wp-json\/wp\/v2\/media?parent=94"}],"curies":[{"name":"wp","href":"https:\/\/api.w.org\/{rel}","templated":true}]}}