{"id":83,"date":"2025-08-07T13:52:44","date_gmt":"2025-08-07T18:52:44","guid":{"rendered":"https:\/\/integracion.cordemo.org\/futbol\/?page_id=83"},"modified":"2025-08-07T13:54:44","modified_gmt":"2025-08-07T18:54:44","slug":"reglamento-2023","status":"publish","type":"page","link":"https:\/\/integracion.cordemo.org\/futbol\/reglamento-2023\/","title":{"rendered":"Reglamento-2023"},"content":{"rendered":"<h2 style=\"text-align: center;\"><strong>V INTEGRACION CORDEMO<br \/>\nARMENIA &#8211; QUINDIO AGOSTO 3 AL 7 DEL 2023<br \/>\nREGLAMENTACI\u00d3N POR DEPORTE <\/strong><\/h2>\n<p>&nbsp;<\/p>\n<h3><strong>F\u00fatbol<\/strong><\/h3>\n<ol>\n<li>El torneo se realizar\u00e1 en la rama masculina.<\/li>\n<li>Cada delegaci\u00f3n podr\u00e1 inscribir hasta veintitr\u00e9s (23).<\/li>\n<li>La inscripci\u00f3n se tramitar\u00e1 en acuerdo con lo dispuesto en el art\u00edculo 9, del cap\u00edtulo VI de las Normas Generales de Participaci\u00f3n de la V Integraci\u00f3n CORDEMO.<\/li>\n<li>El sistema de juego y clasificaci\u00f3n ser\u00e1 definido por el Comit\u00e9 Ejecutivo de acuerdo al n\u00famero de equipos inscritos.<\/li>\n<li>Los equipos no podr\u00e1n iniciar un partido con menos de siete (7) jugadores cada uno, si en el transcurso del partido este n\u00famero se reduce por cualquier causa, el \u00e1rbitro dar\u00e1 por terminado el encuentro y el equipo reducido perder\u00e1 los puntos con resultado de 3&#215;0, sin importar el marcador en este momento, a menos que el marcador fuera mayor a favor del equipo que quede en la cancha.<\/li>\n<li>Si en el transcurso del partido la reducci\u00f3n del m\u00ednimo de siete (7) jugadores se presentara en ambos equipos, ser\u00e1n considerados perdedores con un resultado de 3 goles en contra, sin importar el marcador en ese momento.<\/li>\n<li>Duraci\u00f3n del partido: Se jugar\u00e1n dos (2) tiempos de cuarenta y cinco (45) minutos, m\u00e1s la reposici\u00f3n respectiva y un descanso de quince (15) minutos.<\/li>\n<li>Cada equipo y jugador debe tener el equipamiento adecuado para poder iniciar o participar en el partido. El \u00e1rbitro tiene la potestad de exigir la indumentaria adecuada seg\u00fan el reglamento.<\/li>\n<li>La numeraci\u00f3n de los deportistas ser\u00e1 libre.<\/li>\n<li>No habr\u00e1 goleada t\u00e9cnica. El partido se debe jugar en su totalidad.<\/li>\n<li>Los equipos y\/o el \u00e1rbitro no pueden ponerse de acuerdo para dar por terminado un partido antes del tiempo reglamentario, de lo contrario el o los equipos perder\u00e1n el partido por W.O.<\/li>\n<li>En las fases semifinal y final si un partido queda empatado al cabo de los 90 minutos, se cobrar\u00e1n 5 tiros libres desde el punto penal en forma alterna, si se conserva el empate, los tiros ser\u00e1n de uno por equipo hasta que se rompa el equilibrio.<\/li>\n<li>Para determinar la clasificaci\u00f3n en cada fase se sumar\u00e1n los puntos obtenidos por cada equipo participante de la siguiente forma:<\/li>\n<li>3 puntos por partido ganado.<br \/>\nb. 1 punto por partido empatado.<br \/>\nc. 0 punto por partido perdido.<\/li>\n<li>Si se presenta empate en puntos entre dos o m\u00e1s equipos en la fase eliminatoria por grupos se proceder\u00e1 utilizando los siguientes pasos consecutivos:<\/li>\n<li>Entre dos (2) equipos:<\/li>\n<li>Quien haya ganado el partido jugado entre ellos.<br \/>\nii. Mayor n\u00famero de partidos ganados.<br \/>\niii. Mayor gol diferencia, es decir, goles a favor menos goles en contra.<br \/>\niv. Mayor n\u00famero de goles a favor.<br \/>\nv. Menos n\u00famero de goles en contra.<br \/>\nvi. Sorteo (moneda).<\/li>\n<li>Entre m\u00e1s de dos (2) equipos, se aplicar\u00e1 el siguiente sistema:<\/li>\n<li>Mayor n\u00famero de partidos ganados.<br \/>\nii. Mayor gol diferencia, es decir, goles a favor menos goles en contra.<br \/>\niii. Mayor n\u00famero de goles a favor.<br \/>\niv. Menos n\u00famero de goles en contra.<br \/>\nv. Sorteo (moneda).<\/li>\n<li>Cuando se presenta un W.O. en un partido se asignar\u00e1 un marcador 3&#215;0, al ganador 3 puntos y al perdedor 0 puntos. Los goles se suman al equipo pero no a alg\u00fan jugador en espec\u00edfico<\/li>\n<li>Si un jugador es amonestado y posteriormente expulsado, la tarjeta amarilla no tendr\u00e1 en cuenta para efectos de acumulaci\u00f3n ni para juego limpio.<\/li>\n<li>El tiempo de espera, para declarar un W.O. ser\u00e1 de quince (15) minutos despu\u00e9s de la hora de inicio oficial, fijada en la programaci\u00f3n.<\/li>\n<li>Los equipos deben estar ubicados en el campo de juego en condiciones reglamentarias para iniciar el partido como m\u00ednimo veinte (20) minutos antes de la hora y lugar programada.<\/li>\n<li>Cada delegaci\u00f3n es responsable de llevar el record de tarjetas sacadas a los jugadores en los diferentes partidos.<\/li>\n<li>El n\u00famero de cambios, durante un partido ser\u00e1 libre, sin que se permita el reingreso.<\/li>\n<li>Todo integrante del equipo (deportista, Cuerpo T\u00e9cnico o Directivo) que sea expulsado quedar\u00e1 autom\u00e1ticamente suspendido por una fecha, as\u00ed sea para la fase siguiente, Sin ocasi\u00f3n de informe ni notificaci\u00f3n. Esta suspensi\u00f3n no se cumplir\u00e1 cuando se trate de partidos aplazados.<\/li>\n<li>Todo integrante del equipo (deportista, Cuerpo T\u00e9cnico o Directivo) que acumule dos (2) tarjetas amarillas queda autom\u00e1ticamente inhabilitado para la siguiente fecha, as\u00ed sea para la fase siguiente, Sin ocasi\u00f3n de informe ni notificaci\u00f3n. Esta inhabilidad no se cumplir\u00e1 cuando se trate de partidos aplazados.<\/li>\n<li>El deportista, Cuerpo T\u00e9cnico o Directivo que actu\u00e9 en un partido estando inhabilitado, se le castigar\u00e1 con el doble de la sanci\u00f3n impuesta inicialmente y el equipo pierde por W.O.<\/li>\n<li>Si la conducta o comportamiento desplegado que ocasion\u00f3 la expulsi\u00f3n es grave se sanciona la fecha autom\u00e1tica m\u00e1s las que sean consideradas por la comisi\u00f3n disciplinaria, luego de agotar el debido proceso<\/li>\n<li>Cuando un partido sea suspendido por causas de fuerza mayor no relacionadas con aspectos disciplinarios, se esperar\u00e1n treinta (30) minutos, despu\u00e9s de los cuales si no se contin\u00faa el partido podr\u00e1 aplicarse una de las siguientes opciones:<\/li>\n<li>Se dar\u00e1 por finalizado el partido con el marcador de momento de la suspensi\u00f3n si han transcurrido las 2\/3 partes de su tiempo.<\/li>\n<li>Se continuar\u00e1 con reprogramaci\u00f3n si han transcurrido menos de sus dos terceras partes.<\/li>\n<li>Para la premiaci\u00f3n se dar\u00e1 trofeo al campe\u00f3n y medallas al primero, al segundo y tercero.<\/li>\n<li>La direcci\u00f3n del torneo aplicar\u00e1 para los casos no contemplados en este reglamento los indicados en el Reglamento de la Federaci\u00f3n Colombiana de Futbol y por la FIFA.<\/li>\n<li>El equipo que se involucre en batalla campal con m\u00e1s de cinco (5) de sus jugadores ser\u00e1 expulsado del torneo.<\/li>\n<li>A los jugadores, delegados y entrenadores se les proh\u00edbe el consumo de bebidas alcoh\u00f3licas y sustancias alucin\u00f3genas durante la jornada de juego (obligatorio).En caso de presentarse el juez debe oficiar a la Comisi\u00f3n Disciplinaria, la cual deber\u00e1 iniciar el proceso respectivo conforme al procedimiento reglado en el c\u00f3digo de penas y sanciones. Si el fallo es sancionatorio ser\u00e1 informado al ente territorial que representa.<\/li>\n<li>Los aspectos no contemplados en el presente reglamento ser\u00e1n resueltos en primera instancia por el juez del encuentro, y en segunda instancia y definitiva, por la Comit\u00e9 ejecutivo de CORDEMO.<\/li>\n<\/ol>\n","protected":false},"excerpt":{"rendered":"<p>V INTEGRACION CORDEMO ARMENIA &#8211; QUINDIO AGOSTO 3 AL 7 DEL 2023 REGLAMENTACI\u00d3N POR DEPORTE &nbsp; F\u00fatbol El torneo se realizar\u00e1 en la rama masculina. Cada delegaci\u00f3n podr\u00e1 inscribir hasta veintitr\u00e9s (23). La inscripci\u00f3n se tramitar\u00e1 en acuerdo con lo dispuesto en el art\u00edculo 9, del cap\u00edtulo VI de las Normas Generales de Participaci\u00f3n de [&hellip;]<\/p>\n","protected":false},"author":1,"featured_media":0,"parent":0,"menu_order":0,"comment_status":"closed","ping_status":"closed","template":"template-fullwidth.php","meta":{"footnotes":""},"class_list":["post-83","page","type-page","status-publish","hentry"],"_links":{"self":[{"href":"https:\/\/integracion.cordemo.org\/futbol\/wp-json\/wp\/v2\/pages\/83","targetHints":{"allow":["GET"]}}],"collection":[{"href":"https:\/\/integracion.cordemo.org\/futbol\/wp-json\/wp\/v2\/pages"}],"about":[{"href":"https:\/\/integracion.cordemo.org\/futbol\/wp-json\/wp\/v2\/types\/page"}],"author":[{"embeddable":true,"href":"https:\/\/integracion.cordemo.org\/futbol\/wp-json\/wp\/v2\/users\/1"}],"replies":[{"embeddable":true,"href":"https:\/\/integracion.cordemo.org\/futbol\/wp-json\/wp\/v2\/comments?post=83"}],"version-history":[{"count":2,"href":"https:\/\/integracion.cordemo.org\/futbol\/wp-json\/wp\/v2\/pages\/83\/revisions"}],"predecessor-version":[{"id":85,"href":"https:\/\/integracion.cordemo.org\/futbol\/wp-json\/wp\/v2\/pages\/83\/revisions\/85"}],"wp:attachment":[{"href":"https:\/\/integracion.cordemo.org\/futbol\/wp-json\/wp\/v2\/media?parent=83"}],"curies":[{"name":"wp","href":"https:\/\/api.w.org\/{rel}","templated":true}]}}