{"id":346,"date":"2025-08-13T21:23:38","date_gmt":"2025-08-14T02:23:38","guid":{"rendered":"https:\/\/integracion.cordemo.org\/softbol\/?page_id=346"},"modified":"2025-08-13T21:23:38","modified_gmt":"2025-08-14T02:23:38","slug":"reglamento-2025","status":"publish","type":"page","link":"https:\/\/integracion.cordemo.org\/softbol\/reglamento-2025\/","title":{"rendered":"Reglamento-2025"},"content":{"rendered":"<h2 style=\"text-align: center;\">VI INTEGRACION CORDEMO<\/h2>\n<h2 style=\"text-align: center;\">SAN ANDRES ISLAS AGOSTO 13 AL 18 DEL 2025<\/h2>\n<h2 style=\"text-align: center;\">REGLAMENTACI\u00d3N POR DEPORTE<\/h2>\n<p>&nbsp;<\/p>\n<h2><span style=\"color: #993300;\">Softbol.<\/span><\/h2>\n<div><\/div>\n<div>1.El torneo se realizar\u00e1 en la rama masculina.<\/div>\n<div>2.El n\u00famero m\u00e1ximo de deportistas inscritos por delegaci\u00f3n ser\u00e1 hasta dieciocho (18).<\/div>\n<div>3.El sistema de juego y clasificaci\u00f3n se definir\u00e1 en el Congreso T\u00e9cnico de acuerdo con el n\u00famero de equipos inscritos<\/div>\n<div>4.En el line up deben permanecer 2 mayores de 35 a\u00f1os, 4 mayores de 40 a\u00f1os y uno mayor de 50 a\u00f1os; Se aplicar\u00e1 el corredor de cortes\u00eda.<\/div>\n<div>5.En caso de empate, en cualquiera de las fases del torneo se definir\u00e1 as\u00ed:<\/div>\n<div style=\"padding-left: 40px;\">a.Ganador del partido jugado entre ellos.<\/div>\n<div style=\"padding-left: 40px;\">b.Mayor Average (partidos ganados sobre partidos jugados por 100).<\/div>\n<div style=\"padding-left: 40px;\">c.Menor n\u00famero de carreras en contra.<\/div>\n<div style=\"padding-left: 40px;\">d.Mayor n\u00famero de carreras a favor.<\/div>\n<div style=\"padding-left: 40px;\">e.Por ninguna circunstancia habr\u00e1 partidos de desempate en ninguna fase del torneo.<\/div>\n<div>6.El tiempo de espera, para declarar un W.O, ser\u00e1 de 15 minutos despu\u00e9s de la hora oficial fijada en la programaci\u00f3n, y el siguiente juego se har\u00e1 a la hora programada.<\/div>\n<div>7.Para que el equipo pueda jugar es necesario que sus jugadores est\u00e9n debidamente uniformados, con los siguientes elementos: Gorra, Su\u00e9ter o Camiseta, Bombacho, Guayos y Medias, adecuadas para la pr\u00e1ctica de este Deporte.<\/div>\n<div>8.Cada programaci\u00f3n deber\u00e1 contar con dos (2) \u00c1rbitros (un principal y un auxiliar).<\/div>\n<div>9.El torneo se realizar\u00e1 con lanzamiento de Bola Chata, no se permiten los dem\u00e1s lanzamientos.<\/div>\n<div>10.Solo est\u00e1 permitido utilizar en el torneo de Softbol \u00abBate de caldero\u00bb; delegaci\u00f3n que utilice en un partido un Bate de Impacto o Bate con tapa, este perder\u00e1 el partido y se le dar\u00e1n los puntos a equipo contrario.<\/div>\n<div>11.Las bolas que se utilizaran en el torneo son bolas que coloca la sede<\/div>\n<div>12.Ser\u00e1 aceptado el bateador designado, el bateador extra y el reintegro por una sola vez, siempre y cuando el reintegro fue alineado como inicialista, con los bateadores designado y extra no aplica el reintegro; se permitir\u00e1 hasta dos (2) corredores de Cortes\u00eda por inning.<\/div>\n<div>13.Habr\u00e1 K.O. cuando exista una diferencia m\u00ednima de quince (15) carreras a partir del cierre del 5to inning.<\/div>\n<div>14.Si un juego se prolonga a extra inning y persiste el empate al cierre del 7o. inning, a partir del 8, el jugador que haya consumido el \u00faltimo turno al bate ser\u00e1 habilitado para correr en la segunda base, hasta que uno de los dos equipos sea el ganador del compromiso.<\/div>\n<div>15.El torneo se jugar\u00e1 con bolas nuevas o que a juicio del \u00e1rbitro se encuentren aptas para ser usadas, las cuales ser\u00e1n suministradas por el Comit\u00e9 Organizador de los juegos.<\/div>\n<div>16.Cualquier reclamo de tipo t\u00e9cnico deber\u00e1 ser presentado por escrito, por el delegado de la disciplina o de la entidad, al juez del torneo dentro de los treinta (30) minutos siguientes a la prueba que origin\u00f3 la reclamaci\u00f3n.<\/div>\n<div>17.Para la premiaci\u00f3n se dar\u00e1 trofeo al campe\u00f3n y medalla al primero, al segundo y tercero.<\/div>\n<div>18.La direcci\u00f3n del torneo aplicar\u00e1 para los casos no contemplados en este reglamento los indicados en el Reglamento de la Federaci\u00f3n Colombiana Softbol, a excepci\u00f3n de los numerales 10 y 11.<\/div>\n<div>19.A los jugadores, delegados y entrenadores se les proh\u00edbe el consumo de bebidas alcoh\u00f3licas y sustancias alucin\u00f3genas durante la jornada de juego (obligatorio). En caso de presentarse el juez no debe permitir su participaci\u00f3n y debe oficiar a la Comisi\u00f3n Disciplinaria, la cual deber\u00e1 iniciar el proceso respectivo conforme al procedimiento reglado en el c\u00f3digo de penas y sanciones. Si el fallo es sancionatorio ser\u00e1 informado al ente territorial que representa.<\/div>\n<div>20.Los aspectos no contemplados en el presente reglamento ser\u00e1n resueltos en primera instancia por el juez del encuentro, y en segunda instancia y definitiva, por la Comisi\u00f3n T\u00e9cnica de los XXII Juegos Nacionales Deportivos de Servidores P\u00fablicos.<\/div>\n","protected":false},"excerpt":{"rendered":"<p>VI INTEGRACION CORDEMO SAN ANDRES ISLAS AGOSTO 13 AL 18 DEL 2025 REGLAMENTACI\u00d3N POR DEPORTE &nbsp; Softbol. 1.El torneo se realizar\u00e1 en la rama masculina. 2.El n\u00famero m\u00e1ximo de deportistas inscritos por delegaci\u00f3n ser\u00e1 hasta dieciocho (18). 3.El sistema de juego y clasificaci\u00f3n se definir\u00e1 en el Congreso T\u00e9cnico de acuerdo con el n\u00famero de [&hellip;]<\/p>\n","protected":false},"author":1,"featured_media":0,"parent":0,"menu_order":0,"comment_status":"closed","ping_status":"closed","template":"template-fullwidth.php","meta":{"footnotes":""},"class_list":["post-346","page","type-page","status-publish","hentry"],"_links":{"self":[{"href":"https:\/\/integracion.cordemo.org\/softbol\/wp-json\/wp\/v2\/pages\/346","targetHints":{"allow":["GET"]}}],"collection":[{"href":"https:\/\/integracion.cordemo.org\/softbol\/wp-json\/wp\/v2\/pages"}],"about":[{"href":"https:\/\/integracion.cordemo.org\/softbol\/wp-json\/wp\/v2\/types\/page"}],"author":[{"embeddable":true,"href":"https:\/\/integracion.cordemo.org\/softbol\/wp-json\/wp\/v2\/users\/1"}],"replies":[{"embeddable":true,"href":"https:\/\/integracion.cordemo.org\/softbol\/wp-json\/wp\/v2\/comments?post=346"}],"version-history":[{"count":2,"href":"https:\/\/integracion.cordemo.org\/softbol\/wp-json\/wp\/v2\/pages\/346\/revisions"}],"predecessor-version":[{"id":348,"href":"https:\/\/integracion.cordemo.org\/softbol\/wp-json\/wp\/v2\/pages\/346\/revisions\/348"}],"wp:attachment":[{"href":"https:\/\/integracion.cordemo.org\/softbol\/wp-json\/wp\/v2\/media?parent=346"}],"curies":[{"name":"wp","href":"https:\/\/api.w.org\/{rel}","templated":true}]}}