{"id":65,"date":"2025-08-07T17:33:17","date_gmt":"2025-08-07T22:33:17","guid":{"rendered":"https:\/\/integracion.cordemo.org\/voleibolm\/?page_id=65"},"modified":"2025-08-07T17:33:17","modified_gmt":"2025-08-07T22:33:17","slug":"reglamento-2023","status":"publish","type":"page","link":"https:\/\/integracion.cordemo.org\/voleibolm\/reglamento-2023\/","title":{"rendered":"Reglamento-2023"},"content":{"rendered":"<h2 style=\"text-align: center;\"><strong>V INTEGRACION CORDEMO<br \/>\nARMENIA &#8211; QUINDIO AGOSTO 3 AL 7 DEL 2023<br \/>\nREGLAMENTACI\u00d3N POR DEPORTE<\/strong><\/h2>\n<p>&nbsp;<\/p>\n<h3><strong>Voleibol<\/strong><\/h3>\n<ol>\n<li>El torneo se realizar\u00e1 en las ramas masculina y femenina.<\/li>\n<li>El n\u00famero m\u00e1ximo de deportistas inscritos por delegaci\u00f3n ser\u00e1 doce (12) jugadores por rama.<\/li>\n<li>La inscripci\u00f3n se tramitar\u00e1 en acuerdo con lo dispuesto en el art\u00edculo 9, del cap\u00edtulo VI de las Normas Generales de Participaci\u00f3n de la V Integraci\u00f3n CORDEMO.<\/li>\n<li>El sistema de juego y clasificaci\u00f3n ser\u00e1 definido por el Comit\u00e9 Ejecutivo de acuerdo al n\u00famero de equipos inscritos<\/li>\n<li>Para determinar la clasificaci\u00f3n se sumar\u00e1n los puntos obtenidos por cada equipo participante de la siguiente forma:<\/li>\n<li>Dos (2) puntos por partido ganado.<\/li>\n<li>Un (1) punto por partido perdido.<\/li>\n<li>Cero (0) puntos por no presentaci\u00f3n o abandono.<\/li>\n<li>Si se presenta empate entre dos o m\u00e1s equipos en la fase eliminatoria se proceder\u00e1 de la siguiente manera:<\/li>\n<li>Entre dos (2) equipos, se definir\u00e1 as\u00ed:<\/li>\n<li>Ganador del partido jugado entre ellos.<br \/>\nii. Diferencia de sets (suma de sets a favor menos sets en contra).<br \/>\niii. Menor n\u00famero de sets en contra.<br \/>\niv. Sorteo (moneda).<br \/>\nv. Por ninguna circunstancia habr\u00e1 partidos de desempate.<\/li>\n<li>Entre m\u00e1s de dos (2) equipos, se definir\u00e1 as\u00ed:<\/li>\n<li>Mayor n\u00famero de partidos ganados.<br \/>\nii. Diferencia de sets (suma de sets a favor menos sets en contra).<br \/>\niii. Menor n\u00famero de sets en contra.<br \/>\niv. Sorteo (moneda).<br \/>\nv. Por ninguna circunstancia habr\u00e1 partidos de desempate.<\/li>\n<li>Ning\u00fan equipo podr\u00e1 iniciar un partido con menos de cinco (5) jugadores, Los partidos se programar\u00e1n a cinco (5) sets y ganar\u00e1 el equipo que obtenga tres (3) de ellos.<\/li>\n<li>Si un equipo pierde por W.O. se declarar\u00e1 un marcador de 3 X 0 y sets de 25-0 en su contra.<br \/>\nPar\u00e1grafo: Si un equipo queda con menos de 4 jugadores se declarar\u00e1 perdedor por 3&#215;0.<\/li>\n<li>Cuando un partido sea suspendido por razones de fuerza mayor no relacionadas con aspectos disciplinarios, se esperar\u00e1n 30 minutos, despu\u00e9s de los cuales, de no continuarse se dar\u00e1n las siguientes opciones:<\/li>\n<li>Se dar\u00e1 por finalizado si uno de los equipos lleva ventaja m\u00ednima de un set.<\/li>\n<li>Se continuar\u00e1 con reprogramaci\u00f3n si se ha jugado m\u00e1s de un set y hay empates en sets al momento de la suspensi\u00f3n.<\/li>\n<li>Se iniciar\u00e1 con reprogramaci\u00f3n si no se ha logrado terminar el primer set.<\/li>\n<li>Jugador descalificado no podr\u00e1 alinearse en el siguiente partido independiente de la sanci\u00f3n que imponga el tribunal disciplinario.<\/li>\n<li>El tiempo de espera, para declarar un W-O, ser\u00e1 de (quince) 15 minutos despu\u00e9s de la hora oficial fijada en la programaci\u00f3n.<\/li>\n<li>Para la premiaci\u00f3n se dar\u00e1 trofeo por rama al campe\u00f3n y medalla al primero, al segundo y tercero.<\/li>\n<li>La direcci\u00f3n del torneo aplicar\u00e1 para los casos no contemplados en este reglamento los indicados en el Reglamento de la FIVB y aplicadas por la Federaci\u00f3n Colombiana de Voleibol.<\/li>\n<li>A los jugadores, delegados y entrenadores se les proh\u00edbe el consumo de bebidas alcoh\u00f3licas y sustancias alucin\u00f3genas durante la jornada de juego (obligatorio). En caso de presentarse, el juez debe oficiar a la Comisi\u00f3n Disciplinaria, la cual deber\u00e1 iniciar el proceso respectivo conforme al procedimiento reglado en el c\u00f3digo de penas y sanciones. Si el fallo es sancionatorio ser\u00e1 informado al ente territorial que representa.<\/li>\n<li>Los aspectos no contemplados en el presente reglamento ser\u00e1n resueltos en primera instancia por el juez del encuentro, y en segunda instancia y definitiva, por la Comit\u00e9 ejecutivo de CORDEMO.<\/li>\n<\/ol>\n","protected":false},"excerpt":{"rendered":"<p>V INTEGRACION CORDEMO ARMENIA &#8211; QUINDIO AGOSTO 3 AL 7 DEL 2023 REGLAMENTACI\u00d3N POR DEPORTE &nbsp; Voleibol El torneo se realizar\u00e1 en las ramas masculina y femenina. El n\u00famero m\u00e1ximo de deportistas inscritos por delegaci\u00f3n ser\u00e1 doce (12) jugadores por rama. La inscripci\u00f3n se tramitar\u00e1 en acuerdo con lo dispuesto en el art\u00edculo 9, del [&hellip;]<\/p>\n","protected":false},"author":1,"featured_media":0,"parent":0,"menu_order":0,"comment_status":"closed","ping_status":"closed","template":"template-fullwidth.php","meta":{"footnotes":""},"class_list":["post-65","page","type-page","status-publish","hentry"],"_links":{"self":[{"href":"https:\/\/integracion.cordemo.org\/voleibolm\/wp-json\/wp\/v2\/pages\/65","targetHints":{"allow":["GET"]}}],"collection":[{"href":"https:\/\/integracion.cordemo.org\/voleibolm\/wp-json\/wp\/v2\/pages"}],"about":[{"href":"https:\/\/integracion.cordemo.org\/voleibolm\/wp-json\/wp\/v2\/types\/page"}],"author":[{"embeddable":true,"href":"https:\/\/integracion.cordemo.org\/voleibolm\/wp-json\/wp\/v2\/users\/1"}],"replies":[{"embeddable":true,"href":"https:\/\/integracion.cordemo.org\/voleibolm\/wp-json\/wp\/v2\/comments?post=65"}],"version-history":[{"count":1,"href":"https:\/\/integracion.cordemo.org\/voleibolm\/wp-json\/wp\/v2\/pages\/65\/revisions"}],"predecessor-version":[{"id":66,"href":"https:\/\/integracion.cordemo.org\/voleibolm\/wp-json\/wp\/v2\/pages\/65\/revisions\/66"}],"wp:attachment":[{"href":"https:\/\/integracion.cordemo.org\/voleibolm\/wp-json\/wp\/v2\/media?parent=65"}],"curies":[{"name":"wp","href":"https:\/\/api.w.org\/{rel}","templated":true}]}}