{"id":151,"date":"2025-08-13T21:28:09","date_gmt":"2025-08-14T02:28:09","guid":{"rendered":"https:\/\/integracion.cordemo.org\/vpf\/?page_id=151"},"modified":"2025-08-13T21:28:09","modified_gmt":"2025-08-14T02:28:09","slug":"reglamento-2025","status":"publish","type":"page","link":"https:\/\/integracion.cordemo.org\/vpf\/reglamento-2025\/","title":{"rendered":"Reglamento-2025"},"content":{"rendered":"<h2 style=\"text-align: center;\">VI INTEGRACION CORDEMO<\/h2>\n<h2 style=\"text-align: center;\">SAN ANDRES ISLAS AGOSTO 13 AL 18 DEL 2025<\/h2>\n<h2 style=\"text-align: center;\">REGLAMENTACI\u00d3N POR DEPORTE<\/h2>\n<p>&nbsp;<\/p>\n<h2><span style=\"color: #993300;\">Voleibol Playa.<\/span><\/h2>\n<div><\/div>\n<div>1.El torneo se realizar\u00e1 en categor\u00eda abierta en ambas ramas entre los equipos inscritos.<\/div>\n<div>2.El n\u00famero m\u00e1ximo de deportistas inscritos por delegaci\u00f3n ser\u00e1n dos (2) jugadores por rama.<\/div>\n<div>3.El sistema de juego y clasificaci\u00f3n se definir\u00e1 en el Congreso T\u00e9cnico de acuerdo con el n\u00famero de equipos inscritos.<\/div>\n<div>4.Para determinar la clasificaci\u00f3n se sumar\u00e1n los puntos obtenidos por cada equipo participante de la siguiente forma:<\/div>\n<div style=\"padding-left: 40px;\">a.Dos (2) puntos por partido ganado.<\/div>\n<div style=\"padding-left: 40px;\">b.Un (1) punto por partido perdido.<\/div>\n<div style=\"padding-left: 40px;\">c.Cero (0) puntos por no presentaci\u00f3n o abandono.<\/div>\n<div>5.Si se presenta empate entre dos o m\u00e1s equipos en la fase eliminatoria se proceder\u00e1 de la siguiente manera:<\/div>\n<div style=\"padding-left: 40px;\">a.Entre dos (2) equipos, se definir\u00e1 as\u00ed:<\/div>\n<div style=\"padding-left: 80px;\">i.Ganador del partido jugado entre ellos.<\/div>\n<div style=\"padding-left: 80px;\">ii.Diferencia de sets (suma de sets a favor menos sets en contra).<\/div>\n<div style=\"padding-left: 80px;\">iii.Menor n\u00famero de sets en contra.<\/div>\n<div style=\"padding-left: 80px;\">iv.Sorteo (moneda).<\/div>\n<div style=\"padding-left: 80px;\">v.Por ninguna circunstancia habr\u00e1 partidos de desempate.<\/div>\n<div style=\"padding-left: 40px;\">b.Entre m\u00e1s de dos (2) equipos, se definir\u00e1 as\u00ed:<\/div>\n<div style=\"padding-left: 80px;\">i.Mayor n\u00famero de partidos ganados.<\/div>\n<div style=\"padding-left: 80px;\">ii.Diferencia de sets (suma de sets a favor menos sets en contra).<\/div>\n<div style=\"padding-left: 80px;\">iii.Menor n\u00famero de sets en contra.<\/div>\n<div style=\"padding-left: 80px;\">iv.Sorteo (moneda).<\/div>\n<div style=\"padding-left: 80px;\">v.Por ninguna circunstancia habr\u00e1 partidos de desempate.<\/div>\n<div>6.Los partidos se programar\u00e1n a tres (3) sets y ganar\u00e1 el equipo que obtenga dos (2) de ellos.<\/div>\n<div>7.Si un equipo pierde por W.O. se declarar\u00e1 un marcador de 2 X 0 y sets de 21-0 en su contra.<\/div>\n<div>Par\u00e1grafo: Si un equipo queda con menos de 2 jugadores se declarar\u00e1 perdedor por 2&#215;0 a excepci\u00f3n que el equipo infractor, haya ganado m\u00e1s de un set, estos se computar\u00e1n.<\/div>\n<div>8.Cuando un partido sea suspendido por razones de fuerza mayor no relacionadas con aspectos disciplinarios, se esperar\u00e1n 30 minutos, despu\u00e9s de los cuales, de no continuarse se dar\u00e1n las siguientes opciones:<\/div>\n<div style=\"padding-left: 40px;\">a.Se dar\u00e1 por finalizado si uno de los equipos lleva ventaja m\u00ednima de un set.<\/div>\n<div style=\"padding-left: 40px;\">b.Se continuar\u00e1 con reprogramaci\u00f3n si se ha jugado m\u00e1s de un set y hay empates en sets al momento de la suspensi\u00f3n.<\/div>\n<div style=\"padding-left: 40px;\">c.Se iniciar\u00e1 con reprogramaci\u00f3n si no se ha logrado terminar el primer set.<\/div>\n<div>9.Jugador descalificado no podr\u00e1 alinearse en el siguiente partido independiente de la sanci\u00f3n que imponga la comisi\u00f3n disciplinaria.<\/div>\n<div>10.El tiempo de espera, para declarar un W-O, ser\u00e1 de (quince) 15 minutos despu\u00e9s de la hora oficial fijada en la programaci\u00f3n.<\/div>\n<div>11.La dimensi\u00f3n del bal\u00f3n debe ser 66\/68 cm, es de presentaci\u00f3n obligatoria el bal\u00f3n al \u00e1rbitro antes de iniciar el partido, de lo contrario perder\u00e1 por W.O.<\/div>\n<div>12.Cualquier reclamo de tipo t\u00e9cnico deber\u00e1 ser presentado por escrito, por el delegado de la disciplina o de la entidad, al juez del torneo dentro de los treinta (30) minutos siguientes a la prueba que origin\u00f3 la reclamaci\u00f3n.<\/div>\n<div>13.Para la premiaci\u00f3n se dar\u00e1 trofeo por rama al campe\u00f3n y medalla al primero, al segundo y tercero por rama.<\/div>\n<div>14.La direcci\u00f3n del torneo aplicar\u00e1 para los casos no contemplados en este reglamento los indicados en el Reglamento de la FIVB y aplicadas por la Federaci\u00f3n Colombiana de Voleibol.<\/div>\n<div>15.A los jugadores, delegados y entrenadores se les proh\u00edbe el consumo de bebidas alcoh\u00f3licas y sustancias alucin\u00f3genas durante la jornada de juego (obligatorio). En caso de presentarse el juez no debe permitir su participaci\u00f3n y debe oficiar a la Comisi\u00f3n Disciplinaria, la cual deber\u00e1 iniciar el proceso respectivo conforme al procedimiento reglado en el c\u00f3digo de penas y sanciones. Si el fallo es sancionatorio ser\u00e1 informado al ente territorial que representa.<\/div>\n<div>16.Los aspectos no contemplados en el presente reglamento ser\u00e1n resueltos en primera instancia por el juez del encuentro, y en segunda instancia y definitiva, por la Comit\u00e9 ejecutivo de CORDEMO.<\/div>\n","protected":false},"excerpt":{"rendered":"<p>VI INTEGRACION CORDEMO SAN ANDRES ISLAS AGOSTO 13 AL 18 DEL 2025 REGLAMENTACI\u00d3N POR DEPORTE &nbsp; Voleibol Playa. 1.El torneo se realizar\u00e1 en categor\u00eda abierta en ambas ramas entre los equipos inscritos. 2.El n\u00famero m\u00e1ximo de deportistas inscritos por delegaci\u00f3n ser\u00e1n dos (2) jugadores por rama. 3.El sistema de juego y clasificaci\u00f3n se definir\u00e1 en [&hellip;]<\/p>\n","protected":false},"author":1,"featured_media":0,"parent":0,"menu_order":0,"comment_status":"closed","ping_status":"closed","template":"template-fullwidth.php","meta":{"footnotes":""},"class_list":["post-151","page","type-page","status-publish","hentry"],"_links":{"self":[{"href":"https:\/\/integracion.cordemo.org\/vpf\/wp-json\/wp\/v2\/pages\/151","targetHints":{"allow":["GET"]}}],"collection":[{"href":"https:\/\/integracion.cordemo.org\/vpf\/wp-json\/wp\/v2\/pages"}],"about":[{"href":"https:\/\/integracion.cordemo.org\/vpf\/wp-json\/wp\/v2\/types\/page"}],"author":[{"embeddable":true,"href":"https:\/\/integracion.cordemo.org\/vpf\/wp-json\/wp\/v2\/users\/1"}],"replies":[{"embeddable":true,"href":"https:\/\/integracion.cordemo.org\/vpf\/wp-json\/wp\/v2\/comments?post=151"}],"version-history":[{"count":1,"href":"https:\/\/integracion.cordemo.org\/vpf\/wp-json\/wp\/v2\/pages\/151\/revisions"}],"predecessor-version":[{"id":152,"href":"https:\/\/integracion.cordemo.org\/vpf\/wp-json\/wp\/v2\/pages\/151\/revisions\/152"}],"wp:attachment":[{"href":"https:\/\/integracion.cordemo.org\/vpf\/wp-json\/wp\/v2\/media?parent=151"}],"curies":[{"name":"wp","href":"https:\/\/api.w.org\/{rel}","templated":true}]}}